{"id":35,"date":"2023-05-03T22:08:06","date_gmt":"2023-05-03T22:08:06","guid":{"rendered":"https:\/\/bakkely-parken.dk\/wordpress\/?page_id=35"},"modified":"2026-03-26T00:07:49","modified_gmt":"2026-03-26T00:07:49","slug":"info","status":"publish","type":"page","link":"https:\/\/bakkely-parken.dk\/wordpress\/info\/","title":{"rendered":"Info"},"content":{"rendered":"\t\t<div data-elementor-type=\"wp-page\" data-elementor-id=\"35\" class=\"elementor elementor-35\">\n\t\t\t\t\t\t\t\t\t<section class=\"elementor-section elementor-top-section elementor-element elementor-element-46cc755c elementor-section-boxed elementor-section-height-default elementor-section-height-default\" data-id=\"46cc755c\" data-element_type=\"section\" data-settings=\"{&quot;background_background&quot;:&quot;classic&quot;}\">\n\t\t\t\t\t\t\t<div class=\"elementor-background-overlay\"><\/div>\n\t\t\t\t\t\t\t<div class=\"elementor-container elementor-column-gap-default\">\n\t\t\t\t\t<div class=\"elementor-column elementor-col-100 elementor-top-column elementor-element elementor-element-161b459f\" data-id=\"161b459f\" data-element_type=\"column\">\n\t\t\t<div class=\"elementor-widget-wrap elementor-element-populated\">\n\t\t\t\t\t\t\t\t<section class=\"elementor-section elementor-inner-section elementor-element elementor-element-42871be5 elementor-reverse-mobile elementor-section-boxed elementor-section-height-default elementor-section-height-default\" data-id=\"42871be5\" data-element_type=\"section\">\n\t\t\t\t\t\t<div class=\"elementor-container elementor-column-gap-wider\">\n\t\t\t\t\t<div class=\"elementor-column elementor-col-100 elementor-inner-column elementor-element elementor-element-2a570858\" data-id=\"2a570858\" data-element_type=\"column\" data-settings=\"{&quot;background_background&quot;:&quot;classic&quot;}\">\n\t\t\t<div class=\"elementor-widget-wrap elementor-element-populated\">\n\t\t\t\t\t\t\t\t<div class=\"elementor-element elementor-element-3924ac63 elementor-invisible elementor-widget elementor-widget-heading\" data-id=\"3924ac63\" data-element_type=\"widget\" data-settings=\"{&quot;_animation&quot;:&quot;fadeIn&quot;,&quot;_animation_delay&quot;:100}\" data-widget_type=\"heading.default\">\n\t\t\t\t<div class=\"elementor-widget-container\">\n\t\t\t<style>\/*! elementor - v3.12.2 - 23-04-2023 *\/\n.elementor-heading-title{padding:0;margin:0;line-height:1}.elementor-widget-heading .elementor-heading-title[class*=elementor-size-]>a{color:inherit;font-size:inherit;line-height:inherit}.elementor-widget-heading .elementor-heading-title.elementor-size-small{font-size:15px}.elementor-widget-heading .elementor-heading-title.elementor-size-medium{font-size:19px}.elementor-widget-heading .elementor-heading-title.elementor-size-large{font-size:29px}.elementor-widget-heading .elementor-heading-title.elementor-size-xl{font-size:39px}.elementor-widget-heading .elementor-heading-title.elementor-size-xxl{font-size:59px}<\/style><h2 class=\"elementor-heading-title elementor-size-default\">INFO<\/h2>\t\t<\/div>\n\t\t\t\t<\/div>\n\t\t\t\t\t<\/div>\n\t\t<\/div>\n\t\t\t\t\t\t\t<\/div>\n\t\t<\/section>\n\t\t\t\t\t<\/div>\n\t\t<\/div>\n\t\t\t\t\t\t\t<\/div>\n\t\t<\/section>\n\t\t\t\t<section class=\"elementor-section elementor-top-section elementor-element elementor-element-307ee1ee elementor-section-boxed elementor-section-height-default elementor-section-height-default\" data-id=\"307ee1ee\" data-element_type=\"section\" data-settings=\"{&quot;background_background&quot;:&quot;classic&quot;}\">\n\t\t\t\t\t\t<div class=\"elementor-container elementor-column-gap-default\">\n\t\t\t\t\t<div class=\"elementor-column elementor-col-100 elementor-top-column elementor-element elementor-element-6fab06c2\" data-id=\"6fab06c2\" data-element_type=\"column\">\n\t\t\t<div class=\"elementor-widget-wrap elementor-element-populated\">\n\t\t\t\t\t\t\t\t<div class=\"elementor-element elementor-element-76416446 elementor-invisible elementor-widget elementor-widget-heading\" data-id=\"76416446\" data-element_type=\"widget\" data-settings=\"{&quot;_animation&quot;:&quot;fadeInUp&quot;,&quot;_animation_delay&quot;:500}\" data-widget_type=\"heading.default\">\n\t\t\t\t<div class=\"elementor-widget-container\">\n\t\t\t<h2 class=\"elementor-heading-title elementor-size-default\">Vigtige dokumenter<\/h2>\t\t<\/div>\n\t\t\t\t<\/div>\n\t\t\t\t<div class=\"elementor-element elementor-element-733d1bed elementor-widget elementor-widget-text-editor\" data-id=\"733d1bed\" data-element_type=\"widget\" data-widget_type=\"text-editor.default\">\n\t\t\t\t<div class=\"elementor-widget-container\">\n\t\t\t<style>\/*! elementor - v3.12.2 - 23-04-2023 *\/\n.elementor-widget-text-editor.elementor-drop-cap-view-stacked .elementor-drop-cap{background-color:#69727d;color:#fff}.elementor-widget-text-editor.elementor-drop-cap-view-framed .elementor-drop-cap{color:#69727d;border:3px solid;background-color:transparent}.elementor-widget-text-editor:not(.elementor-drop-cap-view-default) .elementor-drop-cap{margin-top:8px}.elementor-widget-text-editor:not(.elementor-drop-cap-view-default) .elementor-drop-cap-letter{width:1em;height:1em}.elementor-widget-text-editor .elementor-drop-cap{float:left;text-align:center;line-height:1;font-size:50px}.elementor-widget-text-editor .elementor-drop-cap-letter{display:inline-block}<\/style>\t\t\t\t<p align=\"\"><span style=\"font-family: Verdana, Arial, Helvetica, sans-serif; font-size: small;\">[ klik p\u00e5 et dokument ]<br \/><\/span><\/p><ul><li><a href=\"https:\/\/bakkely-parken.dk\/wordpress\/wp-content\/uploads\/2026\/03\/Budget-2026.pdf\" target=\"_blank\" rel=\"noopener\"><strong><span style=\"color: 000000;\">Budget 2026<\/span><\/strong><\/a><\/li><li><a href=\"https:\/\/bakkely-parken.dk\/wordpress\/wp-content\/uploads\/2025\/04\/Referat-ekstraordinaer_GF_25032025.pdf\" target=\"_blank\" rel=\"noopener\"><strong><span style=\"color: 000000;\">Referat af ekstraordin\u00e6r generalforsamling den 25. marts 2025<\/span><\/strong><\/a><\/li><li><a href=\"https:\/\/bakkely-parken.dk\/wordpress\/wp-content\/uploads\/2025\/04\/Referat-ordinaer-GF-13-03-2025-underskrevet.pdf\" target=\"_blank\" rel=\"noopener\"><strong><span style=\"color: 000000;\">Referat af ordin\u00e6r generalforsamling den 13. marts 2025<\/span><\/strong><\/a><\/li><li><a href=\"https:\/\/bakkely-parken.dk\/wordpress\/wp-content\/uploads\/2024\/06\/Referat-ekstraord-GF-21-05-2024.pdf\" target=\"_blank\" rel=\"noopener\"><strong><span style=\"color: 000000;\">Referat af ekstraordin\u00e6r generalforsamling den 21. maj 2024<\/span><\/strong><\/a><\/li><li><a href=\"https:\/\/bakkely-parken.dk\/wordpress\/wp-content\/uploads\/2024\/05\/Referat-ekstraordGF_02-04-24-underskrevet.pdf\" target=\"_blank\" rel=\"noopener\"><strong><span style=\"color: 000000;\">Referat af ekstraordin\u00e6r generalforsamling den 2. april 2024<\/span><\/strong><\/a><\/li><li><a href=\"https:\/\/bakkely-parken.dk\/wordpress\/wp-content\/uploads\/2024\/05\/Referat-ordGF_21-03-24-underskrevet.pdf\" target=\"_blank\" rel=\"noopener\"><strong><span style=\"color: 000000;\">Referat af ordin\u00e6r generalforsamling 21. marts 2024<\/span><\/strong><\/a><\/li><li><a href=\"https:\/\/bakkely-parken.dk\/wordpress\/wp-content\/uploads\/2024\/01\/Referat-ekstraord-GF-15-11-2023.pdf\" target=\"_blank\" rel=\"noopener\"><strong><span style=\"color: 000000;\">Referat af ekstraordin\u00e6r generalforsamling den 15. november 2023<\/span><\/strong><\/a><\/li><li><a href=\"https:\/\/bakkely-parken.dk\/wordpress\/wp-content\/uploads\/2023\/05\/ref-ekstra-ord-gf-22-11-2022.pdf\" target=\"_blank\" rel=\"noopener\"><strong><span style=\"color: 000000;\">Referat af ekstraordin\u00e6r generalforsamling 22. november 2022<\/span><\/strong><\/a><\/li><li><a href=\"https:\/\/bakkely-parken.dk\/wordpress\/wp-content\/uploads\/2023\/05\/Referat_GF_28-03-2023.pdf\" target=\"_blank\" rel=\"noopener\"><strong><span style=\"color: 000000;\">Referat af generalforsamling 28. marts 2023<\/span><\/strong><\/a><\/li><li><a href=\"https:\/\/bakkely-parken.dk\/wordpress\/wp-content\/uploads\/2023\/05\/Referat_af_ekstraord_GF_06-04-2022.pdf\" target=\"_blank\" rel=\"noopener\"><strong><span style=\"color: 000000;\">Referat af ekstraordin\u00e6r generalforsamling 6. april 2022<\/span><\/strong><\/a><\/li><li><a href=\"https:\/\/bakkely-parken.dk\/wordpress\/wp-content\/uploads\/2026\/03\/Aarsregnskab-2025-underskrevet.pdf\" target=\"_blank\" rel=\"noopener\"><strong><span style=\"color: 000000;\">\u00c5rsregnskab 2025<\/span><\/strong><\/a><\/li><li><a href=\"https:\/\/bakkely-parken.dk\/wordpress\/wp-content\/uploads\/2026\/03\/Vedligeholdelsesbudget-2026-til-GF.pdf\" target=\"_blank\" rel=\"noopener\"><strong><span style=\"color: 000000;\">Vedligeholdelsesplan 2026<\/span><\/strong><\/a><\/li><li><a href=\"https:\/\/bakkely-parken.dk\/wordpress\/wp-content\/uploads\/2026\/03\/Lejlighedsoplysn-01-04-2026.pdf\" target=\"_blank\" rel=\"noopener\"><strong><span style=\"color: 000000;\">Oplysninger andelsboliger 2026<\/span><\/strong><\/a><\/li><li><a href=\"https:\/\/bakkely-parken.dk\/wordpress\/wp-content\/uploads\/2025\/05\/Vedtaegter-2025.pdf\" target=\"_blank\" rel=\"noopener\"><strong><span style=\"color: 000000;\">Vedt\u00e6gter<\/span><\/strong><\/a><\/li><li><a href=\"https:\/\/bakkely-parken.dk\/wordpress\/wp-content\/uploads\/2026\/03\/Husorden2026.pdf\" target=\"_blank\" rel=\"noopener\"><strong><span style=\"color: 000000;\">Husorden<\/span><\/strong><\/a><\/li><li><a href=\"https:\/\/bakkely-parken.dk\/wordpress\/wp-content\/uploads\/2023\/05\/Retningslinjer-venteliste.pdf\" target=\"_blank\" rel=\"noopener\"><strong><span style=\"color: 000000;\">Retningslinjer for salg til venteliste<\/span><\/strong><\/a><\/li><li><strong><span style=\"color: 000000;\"><a href=\"https:\/\/bakkely-parken.dk\/wordpress\/wp-content\/uploads\/2023\/10\/Regler-for-opladning-af-biler.pdf\" target=\"_blank\" rel=\"noopener\">Regler for opladning af elbiler<\/a><\/span><\/strong> &#8211; Download tilmeldingsblanket til ladel\u00f8sning <strong><span style=\"color: 000000;\"><a href=\"https:\/\/bakkely-parken.dk\/wordpress\/wp-content\/uploads\/2026\/03\/2026-03-01-Tilmeldingsblanket-af-elbil-for-brugere_.doc\">her<\/a><\/span><\/strong><\/li><li><a href=\"https:\/\/bakkely-parken.dk\/wordpress\/wp-content\/uploads\/2025\/09\/Energirapport2025.pdf\" target=\"_blank\" rel=\"noopener\"><strong><span style=\"color: 000000;\">Energim\u00e6rkning<\/span><\/strong><\/a><\/li><\/ul>\t\t\t\t\t\t<\/div>\n\t\t\t\t<\/div>\n\t\t\t\t\t<\/div>\n\t\t<\/div>\n\t\t\t\t\t\t\t<\/div>\n\t\t<\/section>\n\t\t\t\t<section class=\"elementor-section elementor-top-section elementor-element elementor-element-591479f3 elementor-section-boxed elementor-section-height-default elementor-section-height-default\" data-id=\"591479f3\" data-element_type=\"section\" data-settings=\"{&quot;background_background&quot;:&quot;classic&quot;}\">\n\t\t\t\t\t\t\t<div class=\"elementor-background-overlay\"><\/div>\n\t\t\t\t\t\t\t<div class=\"elementor-container elementor-column-gap-default\">\n\t\t\t\t\t<div class=\"elementor-column elementor-col-100 elementor-top-column elementor-element elementor-element-54639473\" data-id=\"54639473\" data-element_type=\"column\">\n\t\t\t<div class=\"elementor-widget-wrap elementor-element-populated\">\n\t\t\t\t\t\t\t\t<section class=\"elementor-section elementor-inner-section elementor-element elementor-element-47b82de0 elementor-reverse-mobile elementor-section-boxed elementor-section-height-default elementor-section-height-default\" data-id=\"47b82de0\" data-element_type=\"section\">\n\t\t\t\t\t\t<div class=\"elementor-container elementor-column-gap-wider\">\n\t\t\t\t\t<div class=\"elementor-column elementor-col-100 elementor-inner-column elementor-element elementor-element-31e776ac\" data-id=\"31e776ac\" data-element_type=\"column\" data-settings=\"{&quot;background_background&quot;:&quot;classic&quot;}\">\n\t\t\t<div class=\"elementor-widget-wrap elementor-element-populated\">\n\t\t\t\t\t\t\t\t<div class=\"elementor-element elementor-element-681e4df1 elementor-invisible elementor-widget elementor-widget-heading\" data-id=\"681e4df1\" data-element_type=\"widget\" data-settings=\"{&quot;_animation&quot;:&quot;fadeIn&quot;,&quot;_animation_delay&quot;:200}\" data-widget_type=\"heading.default\">\n\t\t\t\t<div class=\"elementor-widget-container\">\n\t\t\t<h3 class=\"elementor-heading-title elementor-size-default\">Andelsboligforeningen Bakkelyparken \u00b7 Holmevej 267 \u00b7 8270 H\u00f8jbjerg<\/h3>\t\t<\/div>\n\t\t\t\t<\/div>\n\t\t\t\t\t<\/div>\n\t\t<\/div>\n\t\t\t\t\t\t\t<\/div>\n\t\t<\/section>\n\t\t\t\t\t<\/div>\n\t\t<\/div>\n\t\t\t\t\t\t\t<\/div>\n\t\t<\/section>\n\t\t\t\t\t\t\t<\/div>\n\t\t","protected":false},"excerpt":{"rendered":"<p>INFO Vigtige dokumenter [ klik p\u00e5 et dokument ] Budget 2026 Referat af ekstraordin\u00e6r generalforsamling den 25. marts 2025 Referat af ordin\u00e6r generalforsamling den 13. marts 2025 Referat af ekstraordin\u00e6r generalforsamling den 21. maj 2024 Referat af ekstraordin\u00e6r generalforsamling den 2. april 2024 Referat af ordin\u00e6r generalforsamling 21. marts 2024 Referat af ekstraordin\u00e6r generalforsamling den [&hellip;]<\/p>\n","protected":false},"author":1,"featured_media":0,"parent":0,"menu_order":0,"comment_status":"closed","ping_status":"closed","template":"","meta":{"footnotes":""},"class_list":["post-35","page","type-page","status-publish","hentry","entry"],"_links":{"self":[{"href":"https:\/\/bakkely-parken.dk\/wordpress\/wp-json\/wp\/v2\/pages\/35","targetHints":{"allow":["GET"]}}],"collection":[{"href":"https:\/\/bakkely-parken.dk\/wordpress\/wp-json\/wp\/v2\/pages"}],"about":[{"href":"https:\/\/bakkely-parken.dk\/wordpress\/wp-json\/wp\/v2\/types\/page"}],"author":[{"embeddable":true,"href":"https:\/\/bakkely-parken.dk\/wordpress\/wp-json\/wp\/v2\/users\/1"}],"replies":[{"embeddable":true,"href":"https:\/\/bakkely-parken.dk\/wordpress\/wp-json\/wp\/v2\/comments?post=35"}],"version-history":[{"count":248,"href":"https:\/\/bakkely-parken.dk\/wordpress\/wp-json\/wp\/v2\/pages\/35\/revisions"}],"predecessor-version":[{"id":2350,"href":"https:\/\/bakkely-parken.dk\/wordpress\/wp-json\/wp\/v2\/pages\/35\/revisions\/2350"}],"wp:attachment":[{"href":"https:\/\/bakkely-parken.dk\/wordpress\/wp-json\/wp\/v2\/media?parent=35"}],"curies":[{"name":"wp","href":"https:\/\/api.w.org\/{rel}","templated":true}]}}